{"id":649,"date":"2024-01-31T22:58:29","date_gmt":"2024-01-31T21:58:29","guid":{"rendered":"https:\/\/helenafoto.cz\/?page_id=649"},"modified":"2024-01-31T23:46:14","modified_gmt":"2024-01-31T22:46:14","slug":"fotogalerie","status":"publish","type":"page","link":"https:\/\/helenafoto.cz\/?page_id=649","title":{"rendered":"FOTOGALERIE"},"content":{"rendered":"\t\t<div data-elementor-type=\"wp-page\" data-elementor-id=\"649\" class=\"elementor elementor-649\">\n\t\t\t\t\t\t\t<div class=\"elementor-element elementor-element-8064529 e-flex e-con-boxed e-con e-parent\" data-id=\"8064529\" data-element_type=\"container\" data-settings=\"{&quot;content_width&quot;:&quot;boxed&quot;,&quot;buzzblog_ext_is_background_parallax&quot;:&quot;false&quot;}\" data-core-v316-plus=\"true\">\n\t\t\t\t\t<div class=\"e-con-inner\">\n\t\t\t\t<div class=\"elementor-element elementor-element-fcb40e4 elementor-widget elementor-widget-text-editor\" data-id=\"fcb40e4\" data-element_type=\"widget\" data-settings=\"{&quot;buzzblog_hidepaged&quot;:&quot;false&quot;,&quot;buzzblog_ext_is_smoove&quot;:&quot;false&quot;}\" data-widget_type=\"text-editor.default\">\n\t\t\t\t<div class=\"elementor-widget-container\">\n\t\t\t<style>\/*! elementor - v3.18.0 - 20-12-2023 *\/\n.elementor-widget-text-editor.elementor-drop-cap-view-stacked .elementor-drop-cap{background-color:#69727d;color:#fff}.elementor-widget-text-editor.elementor-drop-cap-view-framed .elementor-drop-cap{color:#69727d;border:3px solid;background-color:transparent}.elementor-widget-text-editor:not(.elementor-drop-cap-view-default) .elementor-drop-cap{margin-top:8px}.elementor-widget-text-editor:not(.elementor-drop-cap-view-default) .elementor-drop-cap-letter{width:1em;height:1em}.elementor-widget-text-editor .elementor-drop-cap{float:left;text-align:center;line-height:1;font-size:50px}.elementor-widget-text-editor .elementor-drop-cap-letter{display:inline-block}<\/style>\t\t\t\t<h4 style=\"text-align: center;\">Zde si m\u016f\u017ee\u0161 vybrat, kterou galerii si chce\u0161 prohl\u00e9dnout.<\/h4>\t\t\t\t\t\t<\/div>\n\t\t\t\t<\/div>\n\t\t\t\t\t<\/div>\n\t\t\t\t<\/div>\n\t\t<div class=\"elementor-element elementor-element-d718de0 e-flex e-con-boxed e-con e-parent\" data-id=\"d718de0\" data-element_type=\"container\" data-settings=\"{&quot;content_width&quot;:&quot;boxed&quot;,&quot;buzzblog_ext_is_background_parallax&quot;:&quot;false&quot;}\" data-core-v316-plus=\"true\">\n\t\t\t\t\t<div class=\"e-con-inner\">\n\t\t\t\t<div class=\"elementor-element elementor-element-bf79785 elementor-widget elementor-widget-buzzblog-promo-grid\" data-id=\"bf79785\" data-element_type=\"widget\" data-settings=\"{&quot;buzzblog_hidepaged&quot;:&quot;false&quot;,&quot;buzzblog_ext_is_smoove&quot;:&quot;false&quot;}\" data-widget_type=\"buzzblog-promo-grid.default\">\n\t\t\t\t<div class=\"elementor-widget-container\">\n\t\t\t<div class=\"promo-grid-container\">\n<div class=\"promo-grid-content-wrapper layout-buzzblog_five_cols\">\n\t\t<div class=\"promo-grid-wrapper \" >\n\t\t\t\t\n\t\t<a class=\"sevices-link\" href=\"https:\/\/helenafoto.cz\/?page_id=641\" ><\/a>\n\t\t\t\t<div class=\"bg-image\" style=\"background-image: url('https:\/\/helenafoto.cz\/wp-content\/uploads\/2024\/01\/332897557_1379675629511367_7304992076465052180_n-487x730.jpg');\"><\/div>\n\t\t\t<div class=\"inner-wrap\">\n\t\t\t\t<div class=\"inner-wrap-border\">\n\t\t\t\t\t<div class=\"overflow-inner\">\n\t\t\t\t\t\t\t\t\t\t\t\t\t\t\t\t\t\t<div class=\"header-wrap\">\n\t\t\t\t\t\t\t\t\t\t\t\t\t\t<h4 class=\"promoheading\">GLAMOUR<\/h4>\n\t\t\t\t\t\t\t \n\t\t\t\t\t\t<\/div>\n\t\t\t\t\t\t\t\t\t\t\t<\/div>\n\t\t\t\t<\/div>\n\t\t\t<\/div>\n\t\t<\/div>\n\t\t<div class=\"promo-grid-wrapper \" >\n\t\t\t\t\n\t\t<a class=\"sevices-link\" href=\"https:\/\/helenafoto.cz\/?page_id=659\" ><\/a>\n\t\t\t\t<div class=\"bg-image\" style=\"background-image: url('https:\/\/helenafoto.cz\/wp-content\/uploads\/2024\/01\/314660706_643981894111605_2766182647040866469_n-487x730.jpg');\"><\/div>\n\t\t\t<div class=\"inner-wrap\">\n\t\t\t\t<div class=\"inner-wrap-border\">\n\t\t\t\t\t<div class=\"overflow-inner\">\n\t\t\t\t\t\t\t\t\t\t\t\t\t\t\t\t\t\t<div class=\"header-wrap\">\n\t\t\t\t\t\t\t\t\t\t\t\t\t\t<h4 class=\"promoheading\">KON\u011a<\/h4>\n\t\t\t\t\t\t\t \n\t\t\t\t\t\t<\/div>\n\t\t\t\t\t\t\t\t\t\t\t<\/div>\n\t\t\t\t<\/div>\n\t\t\t<\/div>\n\t\t<\/div>\n\t\t<div class=\"promo-grid-wrapper \" >\n\t\t\t\t\n\t\t<a class=\"sevices-link\" href=\"https:\/\/helenafoto.cz\/?page_id=663\" ><\/a>\n\t\t\t\t<div class=\"bg-image\" style=\"background-image: url('https:\/\/helenafoto.cz\/wp-content\/uploads\/2024\/01\/121009990_2716292908644816_3920465429236395344_n-1095x730.jpg');\"><\/div>\n\t\t\t<div class=\"inner-wrap\">\n\t\t\t\t<div class=\"inner-wrap-border\">\n\t\t\t\t\t<div class=\"overflow-inner\">\n\t\t\t\t\t\t\t\t\t\t\t\t\t\t\t\t\t\t<div class=\"header-wrap\">\n\t\t\t\t\t\t\t\t\t\t\t\t\t\t<h4 class=\"promoheading\">RODINA<\/h4>\n\t\t\t\t\t\t\t \n\t\t\t\t\t\t<\/div>\n\t\t\t\t\t\t\t\t\t\t\t<\/div>\n\t\t\t\t<\/div>\n\t\t\t<\/div>\n\t\t<\/div>\n\t\t<div class=\"promo-grid-wrapper \" >\n\t\t\t\t\n\t\t<a class=\"sevices-link\" href=\"https:\/\/helenafoto.cz\/?page_id=661\" ><\/a>\n\t\t\t\t<div class=\"bg-image\" style=\"background-image: url('https:\/\/helenafoto.cz\/wp-content\/uploads\/2024\/01\/72193371_2395052054102238_7425304486853214208_n-486x730.jpg');\"><\/div>\n\t\t\t<div class=\"inner-wrap\">\n\t\t\t\t<div class=\"inner-wrap-border\">\n\t\t\t\t\t<div class=\"overflow-inner\">\n\t\t\t\t\t\t\t\t\t\t\t\t\t\t\t\t\t\t<div class=\"header-wrap\">\n\t\t\t\t\t\t\t\t\t\t\t\t\t\t<h4 class=\"promoheading\">PORTR\u00c9TY<\/h4>\n\t\t\t\t\t\t\t \n\t\t\t\t\t\t<\/div>\n\t\t\t\t\t\t\t\t\t\t\t<\/div>\n\t\t\t\t<\/div>\n\t\t\t<\/div>\n\t\t<\/div>\n\t\t<div class=\"promo-grid-wrapper last\" >\n\t\t\t\t\n\t\t<a class=\"sevices-link\" href=\"https:\/\/helenafoto.cz\/?page_id=665\" ><\/a>\n\t\t\t\t<div class=\"bg-image\" style=\"background-image: url('https:\/\/helenafoto.cz\/wp-content\/uploads\/2024\/01\/56386465_2265487273725384_6922737835128651776_n-1102x730.jpg');\"><\/div>\n\t\t\t<div class=\"inner-wrap\">\n\t\t\t\t<div class=\"inner-wrap-border\">\n\t\t\t\t\t<div class=\"overflow-inner\">\n\t\t\t\t\t\t\t\t\t\t\t\t\t\t\t\t\t\t<div class=\"header-wrap\">\n\t\t\t\t\t\t\t\t\t\t\t\t\t\t<h4 class=\"promoheading\">OSTATN\u00cd<\/h4>\n\t\t\t\t\t\t\t \n\t\t\t\t\t\t<\/div>\n\t\t\t\t\t\t\t\t\t\t\t<\/div>\n\t\t\t\t<\/div>\n\t\t\t<\/div>\n\t\t<\/div>\n<\/div>\n<\/div>\t\t<\/div>\n\t\t\t\t<\/div>\n\t\t\t\t\t<\/div>\n\t\t\t\t<\/div>\n\t\t\t\t\t\t\t<\/div>\n\t\t","protected":false},"excerpt":{"rendered":"<p>Zde si m\u016f\u017ee\u0161 vybrat, kterou galerii si chce\u0161 prohl\u00e9dnout. GLAMOUR KON\u011a RODINA PORTR\u00c9TY OSTATN\u00cd<\/p>","protected":false},"author":3,"featured_media":0,"parent":0,"menu_order":0,"comment_status":"closed","ping_status":"closed","template":"","meta":{"footnotes":""},"class_list":["post-649","page","type-page","status-publish","hentry"],"_links":{"self":[{"href":"https:\/\/helenafoto.cz\/index.php?rest_route=\/wp\/v2\/pages\/649","targetHints":{"allow":["GET"]}}],"collection":[{"href":"https:\/\/helenafoto.cz\/index.php?rest_route=\/wp\/v2\/pages"}],"about":[{"href":"https:\/\/helenafoto.cz\/index.php?rest_route=\/wp\/v2\/types\/page"}],"author":[{"embeddable":true,"href":"https:\/\/helenafoto.cz\/index.php?rest_route=\/wp\/v2\/users\/3"}],"replies":[{"embeddable":true,"href":"https:\/\/helenafoto.cz\/index.php?rest_route=%2Fwp%2Fv2%2Fcomments&post=649"}],"version-history":[{"count":25,"href":"https:\/\/helenafoto.cz\/index.php?rest_route=\/wp\/v2\/pages\/649\/revisions"}],"predecessor-version":[{"id":691,"href":"https:\/\/helenafoto.cz\/index.php?rest_route=\/wp\/v2\/pages\/649\/revisions\/691"}],"wp:attachment":[{"href":"https:\/\/helenafoto.cz\/index.php?rest_route=%2Fwp%2Fv2%2Fmedia&parent=649"}],"curies":[{"name":"wp","href":"https:\/\/api.w.org\/{rel}","templated":true}]}}